{"id":10449,"date":"2023-03-30T13:00:15","date_gmt":"2023-03-30T10:00:15","guid":{"rendered":"https:\/\/phira.com.tr\/katalog\/?post_type=product&#038;p=10449"},"modified":"2023-03-30T13:00:53","modified_gmt":"2023-03-30T10:00:53","slug":"volkswagen-golf-vii-2014-2017-tampon-demiri-on-sac-oem-5g0807109al-gf-12490-5g0807109h","status":"publish","type":"product","link":"https:\/\/phira.com.tr\/katalog\/volkswagen-golf-vii-2014-2017-tampon-demiri-on-sac-oem-5g0807109al-gf-12490-5g0807109h\/","title":{"rendered":"VOLKSWAGEN GOLF VII (2014-2017) TAMPON DEM\u0130R\u0130 \u00d6N SAC OEM: 5G0807109AL GF-12490 5G0807109H"},"content":{"rendered":"","protected":false},"excerpt":{"rendered":"<p>TAMPON DEM\u0130R\u0130 \u00d6N SAC<\/p>\n<p>OEM: <strong>5G0807109AL <\/strong> <strong>GF-12490<\/strong>  <strong>5G0807109H <\/strong>  <strong> <\/strong>  <strong> <\/strong><br \/>\nMarka: <strong>VOLKSWAGEN<\/strong><br \/>\nModel: <strong>GOLF VII<\/strong><br \/>\nY\u0131l: <strong>2014-2017<\/stro\n<\/p>\n","protected":false},"featured_media":10498,"comment_status":"open","ping_status":"closed","template":"","meta":[],"product_cat":[63,16],"product_tag":[],"class_list":{"0":"post-10449","1":"product","2":"type-product","3":"status-publish","4":"has-post-thumbnail","6":"product_cat-golf-vii","7":"product_cat-volkswagen","9":"first","10":"instock","11":"shipping-taxable","12":"product-type-simple"},"yoast_head":"<!-- This site is optimized with the Yoast SEO plugin v22.9 - https:\/\/yoast.com\/wordpress\/plugins\/seo\/ -->\n<title>VOLKSWAGEN GOLF VII (2014-2017) TAMPON DEM\u0130R\u0130 \u00d6N SAC OEM: 5G0807109AL GF-12490 5G0807109H - Phira Online Katalog<\/title>\n<meta name=\"robots\" content=\"index, follow, max-snippet:-1, max-image-preview:large, max-video-preview:-1\" \/>\n<link rel=\"canonical\" href=\"https:\/\/phira.com.tr\/katalog\/volkswagen-golf-vii-2014-2017-tampon-demiri-on-sac-oem-5g0807109al-gf-12490-5g0807109h\/\" \/>\n<meta property=\"og:locale\" content=\"tr_TR\" \/>\n<meta property=\"og:type\" content=\"article\" \/>\n<meta property=\"og:title\" content=\"VOLKSWAGEN GOLF VII (2014-2017) TAMPON DEM\u0130R\u0130 \u00d6N SAC OEM: 5G0807109AL GF-12490 5G0807109H - Phira Online Katalog\" \/>\n<meta property=\"og:description\" content=\"TAMPON DEM\u0130R\u0130 \u00d6N SAC OEM: 5G0807109AL GF-12490 5G0807109H     Marka: VOLKSWAGEN Model: GOLF VII Y\u0131l: 2014-2017\" \/>\n<meta property=\"og:url\" content=\"https:\/\/phira.com.tr\/katalog\/volkswagen-golf-vii-2014-2017-tampon-demiri-on-sac-oem-5g0807109al-gf-12490-5g0807109h\/\" \/>\n<meta property=\"og:site_name\" content=\"Phira Online Katalog\" \/>\n<meta property=\"article:modified_time\" content=\"2023-03-30T10:00:53+00:00\" \/>\n<meta property=\"og:image\" content=\"https:\/\/phira.com.tr\/katalog\/wp-content\/uploads\/2023\/03\/95351260.jpg\" \/>\n\t<meta property=\"og:image:width\" content=\"800\" \/>\n\t<meta property=\"og:image:height\" content=\"600\" \/>\n\t<meta property=\"og:image:type\" content=\"image\/jpeg\" \/>\n<meta name=\"twitter:card\" content=\"summary_large_image\" \/>\n<script type=\"application\/ld+json\" class=\"yoast-schema-graph\">{\"@context\":\"https:\/\/schema.org\",\"@graph\":[{\"@type\":\"WebPage\",\"@id\":\"https:\/\/phira.com.tr\/katalog\/volkswagen-golf-vii-2014-2017-tampon-demiri-on-sac-oem-5g0807109al-gf-12490-5g0807109h\/\",\"url\":\"https:\/\/phira.com.tr\/katalog\/volkswagen-golf-vii-2014-2017-tampon-demiri-on-sac-oem-5g0807109al-gf-12490-5g0807109h\/\",\"name\":\"VOLKSWAGEN GOLF VII (2014-2017) TAMPON DEM\u0130R\u0130 \u00d6N SAC OEM: 5G0807109AL GF-12490 5G0807109H - Phira Online Katalog\",\"isPartOf\":{\"@id\":\"https:\/\/phira.com.tr\/katalog\/#website\"},\"primaryImageOfPage\":{\"@id\":\"https:\/\/phira.com.tr\/katalog\/volkswagen-golf-vii-2014-2017-tampon-demiri-on-sac-oem-5g0807109al-gf-12490-5g0807109h\/#primaryimage\"},\"image\":{\"@id\":\"https:\/\/phira.com.tr\/katalog\/volkswagen-golf-vii-2014-2017-tampon-demiri-on-sac-oem-5g0807109al-gf-12490-5g0807109h\/#primaryimage\"},\"thumbnailUrl\":\"https:\/\/phira.com.tr\/katalog\/wp-content\/uploads\/2023\/03\/95351260.jpg\",\"datePublished\":\"2023-03-30T10:00:15+00:00\",\"dateModified\":\"2023-03-30T10:00:53+00:00\",\"breadcrumb\":{\"@id\":\"https:\/\/phira.com.tr\/katalog\/volkswagen-golf-vii-2014-2017-tampon-demiri-on-sac-oem-5g0807109al-gf-12490-5g0807109h\/#breadcrumb\"},\"inLanguage\":\"tr\",\"potentialAction\":[{\"@type\":\"ReadAction\",\"target\":[\"https:\/\/phira.com.tr\/katalog\/volkswagen-golf-vii-2014-2017-tampon-demiri-on-sac-oem-5g0807109al-gf-12490-5g0807109h\/\"]}]},{\"@type\":\"ImageObject\",\"inLanguage\":\"tr\",\"@id\":\"https:\/\/phira.com.tr\/katalog\/volkswagen-golf-vii-2014-2017-tampon-demiri-on-sac-oem-5g0807109al-gf-12490-5g0807109h\/#primaryimage\",\"url\":\"https:\/\/phira.com.tr\/katalog\/wp-content\/uploads\/2023\/03\/95351260.jpg\",\"contentUrl\":\"https:\/\/phira.com.tr\/katalog\/wp-content\/uploads\/2023\/03\/95351260.jpg\",\"width\":800,\"height\":600},{\"@type\":\"BreadcrumbList\",\"@id\":\"https:\/\/phira.com.tr\/katalog\/volkswagen-golf-vii-2014-2017-tampon-demiri-on-sac-oem-5g0807109al-gf-12490-5g0807109h\/#breadcrumb\",\"itemListElement\":[{\"@type\":\"ListItem\",\"position\":1,\"name\":\"Anasayfa\",\"item\":\"https:\/\/phira.com.tr\/katalog\/\"},{\"@type\":\"ListItem\",\"position\":2,\"name\":\"Phira Online Katalog\",\"item\":\"https:\/\/phira.com.tr\/katalog\/\"},{\"@type\":\"ListItem\",\"position\":3,\"name\":\"VOLKSWAGEN GOLF VII (2014-2017) TAMPON DEM\u0130R\u0130 \u00d6N SAC OEM: 5G0807109AL GF-12490 5G0807109H\"}]},{\"@type\":\"WebSite\",\"@id\":\"https:\/\/phira.com.tr\/katalog\/#website\",\"url\":\"https:\/\/phira.com.tr\/katalog\/\",\"name\":\"Phira Online Katalog\",\"description\":\"\",\"publisher\":{\"@id\":\"https:\/\/phira.com.tr\/katalog\/#organization\"},\"potentialAction\":[{\"@type\":\"SearchAction\",\"target\":{\"@type\":\"EntryPoint\",\"urlTemplate\":\"https:\/\/phira.com.tr\/katalog\/?s={search_term_string}\"},\"query-input\":\"required name=search_term_string\"}],\"inLanguage\":\"tr\"},{\"@type\":\"Organization\",\"@id\":\"https:\/\/phira.com.tr\/katalog\/#organization\",\"name\":\"Phira T\u00fcrkiye\",\"url\":\"https:\/\/phira.com.tr\/katalog\/\",\"logo\":{\"@type\":\"ImageObject\",\"inLanguage\":\"tr\",\"@id\":\"https:\/\/phira.com.tr\/katalog\/#\/schema\/logo\/image\/\",\"url\":\"https:\/\/phira.com.tr\/katalog\/wp-content\/uploads\/2023\/03\/screenshot.png\",\"contentUrl\":\"https:\/\/phira.com.tr\/katalog\/wp-content\/uploads\/2023\/03\/screenshot.png\",\"width\":1200,\"height\":900,\"caption\":\"Phira T\u00fcrkiye\"},\"image\":{\"@id\":\"https:\/\/phira.com.tr\/katalog\/#\/schema\/logo\/image\/\"}}]}<\/script>\n<!-- \/ Yoast SEO plugin. -->","yoast_head_json":{"title":"VOLKSWAGEN GOLF VII (2014-2017) TAMPON DEM\u0130R\u0130 \u00d6N SAC OEM: 5G0807109AL GF-12490 5G0807109H - Phira Online Katalog","robots":{"index":"index","follow":"follow","max-snippet":"max-snippet:-1","max-image-preview":"max-image-preview:large","max-video-preview":"max-video-preview:-1"},"canonical":"https:\/\/phira.com.tr\/katalog\/volkswagen-golf-vii-2014-2017-tampon-demiri-on-sac-oem-5g0807109al-gf-12490-5g0807109h\/","og_locale":"tr_TR","og_type":"article","og_title":"VOLKSWAGEN GOLF VII (2014-2017) TAMPON DEM\u0130R\u0130 \u00d6N SAC OEM: 5G0807109AL GF-12490 5G0807109H - Phira Online Katalog","og_description":"TAMPON DEM\u0130R\u0130 \u00d6N SAC OEM: 5G0807109AL GF-12490 5G0807109H     Marka: VOLKSWAGEN Model: GOLF VII Y\u0131l: 2014-2017","og_url":"https:\/\/phira.com.tr\/katalog\/volkswagen-golf-vii-2014-2017-tampon-demiri-on-sac-oem-5g0807109al-gf-12490-5g0807109h\/","og_site_name":"Phira Online Katalog","article_modified_time":"2023-03-30T10:00:53+00:00","og_image":[{"width":800,"height":600,"url":"https:\/\/phira.com.tr\/katalog\/wp-content\/uploads\/2023\/03\/95351260.jpg","type":"image\/jpeg"}],"twitter_card":"summary_large_image","schema":{"@context":"https:\/\/schema.org","@graph":[{"@type":"WebPage","@id":"https:\/\/phira.com.tr\/katalog\/volkswagen-golf-vii-2014-2017-tampon-demiri-on-sac-oem-5g0807109al-gf-12490-5g0807109h\/","url":"https:\/\/phira.com.tr\/katalog\/volkswagen-golf-vii-2014-2017-tampon-demiri-on-sac-oem-5g0807109al-gf-12490-5g0807109h\/","name":"VOLKSWAGEN GOLF VII (2014-2017) TAMPON DEM\u0130R\u0130 \u00d6N SAC OEM: 5G0807109AL GF-12490 5G0807109H - Phira Online Katalog","isPartOf":{"@id":"https:\/\/phira.com.tr\/katalog\/#website"},"primaryImageOfPage":{"@id":"https:\/\/phira.com.tr\/katalog\/volkswagen-golf-vii-2014-2017-tampon-demiri-on-sac-oem-5g0807109al-gf-12490-5g0807109h\/#primaryimage"},"image":{"@id":"https:\/\/phira.com.tr\/katalog\/volkswagen-golf-vii-2014-2017-tampon-demiri-on-sac-oem-5g0807109al-gf-12490-5g0807109h\/#primaryimage"},"thumbnailUrl":"https:\/\/phira.com.tr\/katalog\/wp-content\/uploads\/2023\/03\/95351260.jpg","datePublished":"2023-03-30T10:00:15+00:00","dateModified":"2023-03-30T10:00:53+00:00","breadcrumb":{"@id":"https:\/\/phira.com.tr\/katalog\/volkswagen-golf-vii-2014-2017-tampon-demiri-on-sac-oem-5g0807109al-gf-12490-5g0807109h\/#breadcrumb"},"inLanguage":"tr","potentialAction":[{"@type":"ReadAction","target":["https:\/\/phira.com.tr\/katalog\/volkswagen-golf-vii-2014-2017-tampon-demiri-on-sac-oem-5g0807109al-gf-12490-5g0807109h\/"]}]},{"@type":"ImageObject","inLanguage":"tr","@id":"https:\/\/phira.com.tr\/katalog\/volkswagen-golf-vii-2014-2017-tampon-demiri-on-sac-oem-5g0807109al-gf-12490-5g0807109h\/#primaryimage","url":"https:\/\/phira.com.tr\/katalog\/wp-content\/uploads\/2023\/03\/95351260.jpg","contentUrl":"https:\/\/phira.com.tr\/katalog\/wp-content\/uploads\/2023\/03\/95351260.jpg","width":800,"height":600},{"@type":"BreadcrumbList","@id":"https:\/\/phira.com.tr\/katalog\/volkswagen-golf-vii-2014-2017-tampon-demiri-on-sac-oem-5g0807109al-gf-12490-5g0807109h\/#breadcrumb","itemListElement":[{"@type":"ListItem","position":1,"name":"Anasayfa","item":"https:\/\/phira.com.tr\/katalog\/"},{"@type":"ListItem","position":2,"name":"Phira Online Katalog","item":"https:\/\/phira.com.tr\/katalog\/"},{"@type":"ListItem","position":3,"name":"VOLKSWAGEN GOLF VII (2014-2017) TAMPON DEM\u0130R\u0130 \u00d6N SAC OEM: 5G0807109AL GF-12490 5G0807109H"}]},{"@type":"WebSite","@id":"https:\/\/phira.com.tr\/katalog\/#website","url":"https:\/\/phira.com.tr\/katalog\/","name":"Phira Online Katalog","description":"","publisher":{"@id":"https:\/\/phira.com.tr\/katalog\/#organization"},"potentialAction":[{"@type":"SearchAction","target":{"@type":"EntryPoint","urlTemplate":"https:\/\/phira.com.tr\/katalog\/?s={search_term_string}"},"query-input":"required name=search_term_string"}],"inLanguage":"tr"},{"@type":"Organization","@id":"https:\/\/phira.com.tr\/katalog\/#organization","name":"Phira T\u00fcrkiye","url":"https:\/\/phira.com.tr\/katalog\/","logo":{"@type":"ImageObject","inLanguage":"tr","@id":"https:\/\/phira.com.tr\/katalog\/#\/schema\/logo\/image\/","url":"https:\/\/phira.com.tr\/katalog\/wp-content\/uploads\/2023\/03\/screenshot.png","contentUrl":"https:\/\/phira.com.tr\/katalog\/wp-content\/uploads\/2023\/03\/screenshot.png","width":1200,"height":900,"caption":"Phira T\u00fcrkiye"},"image":{"@id":"https:\/\/phira.com.tr\/katalog\/#\/schema\/logo\/image\/"}}]}},"_links":{"self":[{"href":"https:\/\/phira.com.tr\/katalog\/wp-json\/wp\/v2\/product\/10449","targetHints":{"allow":["GET"]}}],"collection":[{"href":"https:\/\/phira.com.tr\/katalog\/wp-json\/wp\/v2\/product"}],"about":[{"href":"https:\/\/phira.com.tr\/katalog\/wp-json\/wp\/v2\/types\/product"}],"replies":[{"embeddable":true,"href":"https:\/\/phira.com.tr\/katalog\/wp-json\/wp\/v2\/comments?post=10449"}],"wp:featuredmedia":[{"embeddable":true,"href":"https:\/\/phira.com.tr\/katalog\/wp-json\/wp\/v2\/media\/10498"}],"wp:attachment":[{"href":"https:\/\/phira.com.tr\/katalog\/wp-json\/wp\/v2\/media?parent=10449"}],"wp:term":[{"taxonomy":"product_cat","embeddable":true,"href":"https:\/\/phira.com.tr\/katalog\/wp-json\/wp\/v2\/product_cat?post=10449"},{"taxonomy":"product_tag","embeddable":true,"href":"https:\/\/phira.com.tr\/katalog\/wp-json\/wp\/v2\/product_tag?post=10449"}],"curies":[{"name":"wp","href":"https:\/\/api.w.org\/{rel}","templated":true}]}}