{"id":11106,"date":"2023-03-30T13:07:03","date_gmt":"2023-03-30T10:07:03","guid":{"rendered":"https:\/\/phira.com.tr\/katalog\/?post_type=product&#038;p=11106"},"modified":"2023-03-30T13:07:22","modified_gmt":"2023-03-30T10:07:22","slug":"audi-q3-2011-park-sensoru-universal-oem-284384ea2a-1t0919297a-1t0919297-valeo-890008","status":"publish","type":"product","link":"https:\/\/phira.com.tr\/katalog\/audi-q3-2011-park-sensoru-universal-oem-284384ea2a-1t0919297a-1t0919297-valeo-890008\/","title":{"rendered":"AUDI Q3 (2011>) PARK SENS\u00d6R\u00dc UNIVERSAL OEM: 284384EA2A 1T0919297A 1T0919297 VALEO 890008"},"content":{"rendered":"","protected":false},"excerpt":{"rendered":"<p>PARK SENS\u00d6R\u00dc UNIVERSAL<\/p>\n<p>OEM: <strong>284384EA2A <\/strong> <strong>1T0919297A<\/strong>  <strong>1T0919297 <\/strong>  <strong>VALEO 890008 <\/strong>  <strong> <\/strong><br \/>\nMarka: <strong>AUDI<\/strong><br \/>\nModel: <strong>Q3<\/strong><br \/>\nY\u0131l: <strong>2011><\/strong\n<\/p>\n","protected":false},"featured_media":11136,"comment_status":"open","ping_status":"closed","template":"","meta":[],"product_cat":[95,139],"product_tag":[],"class_list":{"0":"post-11106","1":"product","2":"type-product","3":"status-publish","4":"has-post-thumbnail","6":"product_cat-audi","7":"product_cat-q3","9":"first","10":"instock","11":"shipping-taxable","12":"product-type-simple"},"yoast_head":"<!-- This site is optimized with the Yoast SEO plugin v22.9 - https:\/\/yoast.com\/wordpress\/plugins\/seo\/ -->\n<title>AUDI Q3 (2011&gt;) PARK SENS\u00d6R\u00dc UNIVERSAL OEM: 284384EA2A 1T0919297A 1T0919297 VALEO 890008 - Phira Online Katalog<\/title>\n<meta name=\"robots\" content=\"index, follow, max-snippet:-1, max-image-preview:large, max-video-preview:-1\" \/>\n<link rel=\"canonical\" href=\"https:\/\/phira.com.tr\/katalog\/audi-q3-2011-park-sensoru-universal-oem-284384ea2a-1t0919297a-1t0919297-valeo-890008\/\" \/>\n<meta property=\"og:locale\" content=\"tr_TR\" \/>\n<meta property=\"og:type\" content=\"article\" \/>\n<meta property=\"og:title\" content=\"AUDI Q3 (2011&gt;) PARK SENS\u00d6R\u00dc UNIVERSAL OEM: 284384EA2A 1T0919297A 1T0919297 VALEO 890008 - Phira Online Katalog\" \/>\n<meta property=\"og:description\" content=\"PARK SENS\u00d6R\u00dc UNIVERSAL OEM: 284384EA2A 1T0919297A 1T0919297  VALEO 890008   Marka: AUDI Model: Q3 Y\u0131l: 2011&gt;\" \/>\n<meta property=\"og:url\" content=\"https:\/\/phira.com.tr\/katalog\/audi-q3-2011-park-sensoru-universal-oem-284384ea2a-1t0919297a-1t0919297-valeo-890008\/\" \/>\n<meta property=\"og:site_name\" content=\"Phira Online Katalog\" \/>\n<meta property=\"article:modified_time\" content=\"2023-03-30T10:07:22+00:00\" \/>\n<meta property=\"og:image\" content=\"https:\/\/phira.com.tr\/katalog\/wp-content\/uploads\/2023\/03\/PH890008.jpg\" \/>\n\t<meta property=\"og:image:width\" content=\"800\" \/>\n\t<meta property=\"og:image:height\" content=\"600\" \/>\n\t<meta property=\"og:image:type\" content=\"image\/jpeg\" \/>\n<meta name=\"twitter:card\" content=\"summary_large_image\" \/>\n<script type=\"application\/ld+json\" class=\"yoast-schema-graph\">{\"@context\":\"https:\/\/schema.org\",\"@graph\":[{\"@type\":\"WebPage\",\"@id\":\"https:\/\/phira.com.tr\/katalog\/audi-q3-2011-park-sensoru-universal-oem-284384ea2a-1t0919297a-1t0919297-valeo-890008\/\",\"url\":\"https:\/\/phira.com.tr\/katalog\/audi-q3-2011-park-sensoru-universal-oem-284384ea2a-1t0919297a-1t0919297-valeo-890008\/\",\"name\":\"AUDI Q3 (2011>) PARK SENS\u00d6R\u00dc UNIVERSAL OEM: 284384EA2A 1T0919297A 1T0919297 VALEO 890008 - Phira Online Katalog\",\"isPartOf\":{\"@id\":\"https:\/\/phira.com.tr\/katalog\/#website\"},\"primaryImageOfPage\":{\"@id\":\"https:\/\/phira.com.tr\/katalog\/audi-q3-2011-park-sensoru-universal-oem-284384ea2a-1t0919297a-1t0919297-valeo-890008\/#primaryimage\"},\"image\":{\"@id\":\"https:\/\/phira.com.tr\/katalog\/audi-q3-2011-park-sensoru-universal-oem-284384ea2a-1t0919297a-1t0919297-valeo-890008\/#primaryimage\"},\"thumbnailUrl\":\"https:\/\/phira.com.tr\/katalog\/wp-content\/uploads\/2023\/03\/PH890008.jpg\",\"datePublished\":\"2023-03-30T10:07:03+00:00\",\"dateModified\":\"2023-03-30T10:07:22+00:00\",\"breadcrumb\":{\"@id\":\"https:\/\/phira.com.tr\/katalog\/audi-q3-2011-park-sensoru-universal-oem-284384ea2a-1t0919297a-1t0919297-valeo-890008\/#breadcrumb\"},\"inLanguage\":\"tr\",\"potentialAction\":[{\"@type\":\"ReadAction\",\"target\":[\"https:\/\/phira.com.tr\/katalog\/audi-q3-2011-park-sensoru-universal-oem-284384ea2a-1t0919297a-1t0919297-valeo-890008\/\"]}]},{\"@type\":\"ImageObject\",\"inLanguage\":\"tr\",\"@id\":\"https:\/\/phira.com.tr\/katalog\/audi-q3-2011-park-sensoru-universal-oem-284384ea2a-1t0919297a-1t0919297-valeo-890008\/#primaryimage\",\"url\":\"https:\/\/phira.com.tr\/katalog\/wp-content\/uploads\/2023\/03\/PH890008.jpg\",\"contentUrl\":\"https:\/\/phira.com.tr\/katalog\/wp-content\/uploads\/2023\/03\/PH890008.jpg\",\"width\":800,\"height\":600},{\"@type\":\"BreadcrumbList\",\"@id\":\"https:\/\/phira.com.tr\/katalog\/audi-q3-2011-park-sensoru-universal-oem-284384ea2a-1t0919297a-1t0919297-valeo-890008\/#breadcrumb\",\"itemListElement\":[{\"@type\":\"ListItem\",\"position\":1,\"name\":\"Anasayfa\",\"item\":\"https:\/\/phira.com.tr\/katalog\/\"},{\"@type\":\"ListItem\",\"position\":2,\"name\":\"Phira Online Katalog\",\"item\":\"https:\/\/phira.com.tr\/katalog\/\"},{\"@type\":\"ListItem\",\"position\":3,\"name\":\"AUDI Q3 (2011>) PARK SENS\u00d6R\u00dc UNIVERSAL OEM: 284384EA2A 1T0919297A 1T0919297 VALEO 890008\"}]},{\"@type\":\"WebSite\",\"@id\":\"https:\/\/phira.com.tr\/katalog\/#website\",\"url\":\"https:\/\/phira.com.tr\/katalog\/\",\"name\":\"Phira Online Katalog\",\"description\":\"\",\"publisher\":{\"@id\":\"https:\/\/phira.com.tr\/katalog\/#organization\"},\"potentialAction\":[{\"@type\":\"SearchAction\",\"target\":{\"@type\":\"EntryPoint\",\"urlTemplate\":\"https:\/\/phira.com.tr\/katalog\/?s={search_term_string}\"},\"query-input\":\"required name=search_term_string\"}],\"inLanguage\":\"tr\"},{\"@type\":\"Organization\",\"@id\":\"https:\/\/phira.com.tr\/katalog\/#organization\",\"name\":\"Phira T\u00fcrkiye\",\"url\":\"https:\/\/phira.com.tr\/katalog\/\",\"logo\":{\"@type\":\"ImageObject\",\"inLanguage\":\"tr\",\"@id\":\"https:\/\/phira.com.tr\/katalog\/#\/schema\/logo\/image\/\",\"url\":\"https:\/\/phira.com.tr\/katalog\/wp-content\/uploads\/2023\/03\/screenshot.png\",\"contentUrl\":\"https:\/\/phira.com.tr\/katalog\/wp-content\/uploads\/2023\/03\/screenshot.png\",\"width\":1200,\"height\":900,\"caption\":\"Phira T\u00fcrkiye\"},\"image\":{\"@id\":\"https:\/\/phira.com.tr\/katalog\/#\/schema\/logo\/image\/\"}}]}<\/script>\n<!-- \/ Yoast SEO plugin. -->","yoast_head_json":{"title":"AUDI Q3 (2011>) PARK SENS\u00d6R\u00dc UNIVERSAL OEM: 284384EA2A 1T0919297A 1T0919297 VALEO 890008 - Phira Online Katalog","robots":{"index":"index","follow":"follow","max-snippet":"max-snippet:-1","max-image-preview":"max-image-preview:large","max-video-preview":"max-video-preview:-1"},"canonical":"https:\/\/phira.com.tr\/katalog\/audi-q3-2011-park-sensoru-universal-oem-284384ea2a-1t0919297a-1t0919297-valeo-890008\/","og_locale":"tr_TR","og_type":"article","og_title":"AUDI Q3 (2011>) PARK SENS\u00d6R\u00dc UNIVERSAL OEM: 284384EA2A 1T0919297A 1T0919297 VALEO 890008 - Phira Online Katalog","og_description":"PARK SENS\u00d6R\u00dc UNIVERSAL OEM: 284384EA2A 1T0919297A 1T0919297  VALEO 890008   Marka: AUDI Model: Q3 Y\u0131l: 2011>","og_url":"https:\/\/phira.com.tr\/katalog\/audi-q3-2011-park-sensoru-universal-oem-284384ea2a-1t0919297a-1t0919297-valeo-890008\/","og_site_name":"Phira Online Katalog","article_modified_time":"2023-03-30T10:07:22+00:00","og_image":[{"width":800,"height":600,"url":"https:\/\/phira.com.tr\/katalog\/wp-content\/uploads\/2023\/03\/PH890008.jpg","type":"image\/jpeg"}],"twitter_card":"summary_large_image","schema":{"@context":"https:\/\/schema.org","@graph":[{"@type":"WebPage","@id":"https:\/\/phira.com.tr\/katalog\/audi-q3-2011-park-sensoru-universal-oem-284384ea2a-1t0919297a-1t0919297-valeo-890008\/","url":"https:\/\/phira.com.tr\/katalog\/audi-q3-2011-park-sensoru-universal-oem-284384ea2a-1t0919297a-1t0919297-valeo-890008\/","name":"AUDI Q3 (2011>) PARK SENS\u00d6R\u00dc UNIVERSAL OEM: 284384EA2A 1T0919297A 1T0919297 VALEO 890008 - Phira Online Katalog","isPartOf":{"@id":"https:\/\/phira.com.tr\/katalog\/#website"},"primaryImageOfPage":{"@id":"https:\/\/phira.com.tr\/katalog\/audi-q3-2011-park-sensoru-universal-oem-284384ea2a-1t0919297a-1t0919297-valeo-890008\/#primaryimage"},"image":{"@id":"https:\/\/phira.com.tr\/katalog\/audi-q3-2011-park-sensoru-universal-oem-284384ea2a-1t0919297a-1t0919297-valeo-890008\/#primaryimage"},"thumbnailUrl":"https:\/\/phira.com.tr\/katalog\/wp-content\/uploads\/2023\/03\/PH890008.jpg","datePublished":"2023-03-30T10:07:03+00:00","dateModified":"2023-03-30T10:07:22+00:00","breadcrumb":{"@id":"https:\/\/phira.com.tr\/katalog\/audi-q3-2011-park-sensoru-universal-oem-284384ea2a-1t0919297a-1t0919297-valeo-890008\/#breadcrumb"},"inLanguage":"tr","potentialAction":[{"@type":"ReadAction","target":["https:\/\/phira.com.tr\/katalog\/audi-q3-2011-park-sensoru-universal-oem-284384ea2a-1t0919297a-1t0919297-valeo-890008\/"]}]},{"@type":"ImageObject","inLanguage":"tr","@id":"https:\/\/phira.com.tr\/katalog\/audi-q3-2011-park-sensoru-universal-oem-284384ea2a-1t0919297a-1t0919297-valeo-890008\/#primaryimage","url":"https:\/\/phira.com.tr\/katalog\/wp-content\/uploads\/2023\/03\/PH890008.jpg","contentUrl":"https:\/\/phira.com.tr\/katalog\/wp-content\/uploads\/2023\/03\/PH890008.jpg","width":800,"height":600},{"@type":"BreadcrumbList","@id":"https:\/\/phira.com.tr\/katalog\/audi-q3-2011-park-sensoru-universal-oem-284384ea2a-1t0919297a-1t0919297-valeo-890008\/#breadcrumb","itemListElement":[{"@type":"ListItem","position":1,"name":"Anasayfa","item":"https:\/\/phira.com.tr\/katalog\/"},{"@type":"ListItem","position":2,"name":"Phira Online Katalog","item":"https:\/\/phira.com.tr\/katalog\/"},{"@type":"ListItem","position":3,"name":"AUDI Q3 (2011>) PARK SENS\u00d6R\u00dc UNIVERSAL OEM: 284384EA2A 1T0919297A 1T0919297 VALEO 890008"}]},{"@type":"WebSite","@id":"https:\/\/phira.com.tr\/katalog\/#website","url":"https:\/\/phira.com.tr\/katalog\/","name":"Phira Online Katalog","description":"","publisher":{"@id":"https:\/\/phira.com.tr\/katalog\/#organization"},"potentialAction":[{"@type":"SearchAction","target":{"@type":"EntryPoint","urlTemplate":"https:\/\/phira.com.tr\/katalog\/?s={search_term_string}"},"query-input":"required name=search_term_string"}],"inLanguage":"tr"},{"@type":"Organization","@id":"https:\/\/phira.com.tr\/katalog\/#organization","name":"Phira T\u00fcrkiye","url":"https:\/\/phira.com.tr\/katalog\/","logo":{"@type":"ImageObject","inLanguage":"tr","@id":"https:\/\/phira.com.tr\/katalog\/#\/schema\/logo\/image\/","url":"https:\/\/phira.com.tr\/katalog\/wp-content\/uploads\/2023\/03\/screenshot.png","contentUrl":"https:\/\/phira.com.tr\/katalog\/wp-content\/uploads\/2023\/03\/screenshot.png","width":1200,"height":900,"caption":"Phira T\u00fcrkiye"},"image":{"@id":"https:\/\/phira.com.tr\/katalog\/#\/schema\/logo\/image\/"}}]}},"_links":{"self":[{"href":"https:\/\/phira.com.tr\/katalog\/wp-json\/wp\/v2\/product\/11106","targetHints":{"allow":["GET"]}}],"collection":[{"href":"https:\/\/phira.com.tr\/katalog\/wp-json\/wp\/v2\/product"}],"about":[{"href":"https:\/\/phira.com.tr\/katalog\/wp-json\/wp\/v2\/types\/product"}],"replies":[{"embeddable":true,"href":"https:\/\/phira.com.tr\/katalog\/wp-json\/wp\/v2\/comments?post=11106"}],"wp:featuredmedia":[{"embeddable":true,"href":"https:\/\/phira.com.tr\/katalog\/wp-json\/wp\/v2\/media\/11136"}],"wp:attachment":[{"href":"https:\/\/phira.com.tr\/katalog\/wp-json\/wp\/v2\/media?parent=11106"}],"wp:term":[{"taxonomy":"product_cat","embeddable":true,"href":"https:\/\/phira.com.tr\/katalog\/wp-json\/wp\/v2\/product_cat?post=11106"},{"taxonomy":"product_tag","embeddable":true,"href":"https:\/\/phira.com.tr\/katalog\/wp-json\/wp\/v2\/product_tag?post=11106"}],"curies":[{"name":"wp","href":"https:\/\/api.w.org\/{rel}","templated":true}]}}