{"id":11779,"date":"2023-03-30T13:13:17","date_gmt":"2023-03-30T10:13:17","guid":{"rendered":"https:\/\/phira.com.tr\/katalog\/?post_type=product&#038;p=11779"},"modified":"2023-03-30T13:13:46","modified_gmt":"2023-03-30T10:13:46","slug":"renault-kangoo-2008-camurluk-on-sol-sinyal-delikli-plastik-oem-631011587r-7701478211-kn-08510-65200821-292011","status":"publish","type":"product","link":"https:\/\/phira.com.tr\/katalog\/renault-kangoo-2008-camurluk-on-sol-sinyal-delikli-plastik-oem-631011587r-7701478211-kn-08510-65200821-292011\/","title":{"rendered":"RENAULT KANGOO (2008>) \u00c7AMURLUK \u00d6N SOL S\u0130NYAL DEL\u0130KL\u0130 PLAST\u0130K OEM: 631011587R 7701478211 KN-08510 65200821 292011"},"content":{"rendered":"","protected":false},"excerpt":{"rendered":"<p>\u00c7AMURLUK \u00d6N SOL S\u0130NYAL DEL\u0130KL\u0130 PLAST\u0130K<\/p>\n<p>OEM: <strong>631011587R <\/strong> <strong>7701478211<\/strong>  <strong>KN-08510 <\/strong>  <strong>65200821 <\/strong>  <strong>292011 <\/strong><br \/>\nMarka: <strong>RENAULT<\/strong><br \/>\nModel: <strong>KANGOO<\/strong><br \/>\nY\u0131<\/p>\n","protected":false},"featured_media":11830,"comment_status":"open","ping_status":"closed","template":"","meta":[],"product_cat":[30,29],"product_tag":[],"class_list":{"0":"post-11779","1":"product","2":"type-product","3":"status-publish","4":"has-post-thumbnail","6":"product_cat-kangoo","7":"product_cat-renault","9":"first","10":"instock","11":"shipping-taxable","12":"product-type-simple"},"yoast_head":"<!-- This site is optimized with the Yoast SEO plugin v22.9 - https:\/\/yoast.com\/wordpress\/plugins\/seo\/ -->\n<title>RENAULT KANGOO (2008&gt;) \u00c7AMURLUK \u00d6N SOL S\u0130NYAL DEL\u0130KL\u0130 PLAST\u0130K OEM: 631011587R 7701478211 KN-08510 65200821 292011 - Phira Online Katalog<\/title>\n<meta name=\"robots\" content=\"index, follow, max-snippet:-1, max-image-preview:large, max-video-preview:-1\" \/>\n<link rel=\"canonical\" href=\"https:\/\/phira.com.tr\/katalog\/renault-kangoo-2008-camurluk-on-sol-sinyal-delikli-plastik-oem-631011587r-7701478211-kn-08510-65200821-292011\/\" \/>\n<meta property=\"og:locale\" content=\"tr_TR\" \/>\n<meta property=\"og:type\" content=\"article\" \/>\n<meta property=\"og:title\" content=\"RENAULT KANGOO (2008&gt;) \u00c7AMURLUK \u00d6N SOL S\u0130NYAL DEL\u0130KL\u0130 PLAST\u0130K OEM: 631011587R 7701478211 KN-08510 65200821 292011 - Phira Online Katalog\" \/>\n<meta property=\"og:description\" content=\"\u00c7AMURLUK \u00d6N SOL S\u0130NYAL DEL\u0130KL\u0130 PLAST\u0130K OEM: 631011587R 7701478211 KN-08510  65200821  292011  Marka: RENAULT Model: KANGOO Y\u0131\" \/>\n<meta property=\"og:url\" content=\"https:\/\/phira.com.tr\/katalog\/renault-kangoo-2008-camurluk-on-sol-sinyal-delikli-plastik-oem-631011587r-7701478211-kn-08510-65200821-292011\/\" \/>\n<meta property=\"og:site_name\" content=\"Phira Online Katalog\" \/>\n<meta property=\"article:modified_time\" content=\"2023-03-30T10:13:46+00:00\" \/>\n<meta property=\"og:image\" content=\"https:\/\/phira.com.tr\/katalog\/wp-content\/uploads\/2023\/03\/65200821.jpg\" \/>\n\t<meta property=\"og:image:width\" content=\"800\" \/>\n\t<meta property=\"og:image:height\" content=\"600\" \/>\n\t<meta property=\"og:image:type\" content=\"image\/jpeg\" \/>\n<meta name=\"twitter:card\" content=\"summary_large_image\" \/>\n<script type=\"application\/ld+json\" class=\"yoast-schema-graph\">{\"@context\":\"https:\/\/schema.org\",\"@graph\":[{\"@type\":\"WebPage\",\"@id\":\"https:\/\/phira.com.tr\/katalog\/renault-kangoo-2008-camurluk-on-sol-sinyal-delikli-plastik-oem-631011587r-7701478211-kn-08510-65200821-292011\/\",\"url\":\"https:\/\/phira.com.tr\/katalog\/renault-kangoo-2008-camurluk-on-sol-sinyal-delikli-plastik-oem-631011587r-7701478211-kn-08510-65200821-292011\/\",\"name\":\"RENAULT KANGOO (2008>) \u00c7AMURLUK \u00d6N SOL S\u0130NYAL DEL\u0130KL\u0130 PLAST\u0130K OEM: 631011587R 7701478211 KN-08510 65200821 292011 - Phira Online Katalog\",\"isPartOf\":{\"@id\":\"https:\/\/phira.com.tr\/katalog\/#website\"},\"primaryImageOfPage\":{\"@id\":\"https:\/\/phira.com.tr\/katalog\/renault-kangoo-2008-camurluk-on-sol-sinyal-delikli-plastik-oem-631011587r-7701478211-kn-08510-65200821-292011\/#primaryimage\"},\"image\":{\"@id\":\"https:\/\/phira.com.tr\/katalog\/renault-kangoo-2008-camurluk-on-sol-sinyal-delikli-plastik-oem-631011587r-7701478211-kn-08510-65200821-292011\/#primaryimage\"},\"thumbnailUrl\":\"https:\/\/phira.com.tr\/katalog\/wp-content\/uploads\/2023\/03\/65200821.jpg\",\"datePublished\":\"2023-03-30T10:13:17+00:00\",\"dateModified\":\"2023-03-30T10:13:46+00:00\",\"breadcrumb\":{\"@id\":\"https:\/\/phira.com.tr\/katalog\/renault-kangoo-2008-camurluk-on-sol-sinyal-delikli-plastik-oem-631011587r-7701478211-kn-08510-65200821-292011\/#breadcrumb\"},\"inLanguage\":\"tr\",\"potentialAction\":[{\"@type\":\"ReadAction\",\"target\":[\"https:\/\/phira.com.tr\/katalog\/renault-kangoo-2008-camurluk-on-sol-sinyal-delikli-plastik-oem-631011587r-7701478211-kn-08510-65200821-292011\/\"]}]},{\"@type\":\"ImageObject\",\"inLanguage\":\"tr\",\"@id\":\"https:\/\/phira.com.tr\/katalog\/renault-kangoo-2008-camurluk-on-sol-sinyal-delikli-plastik-oem-631011587r-7701478211-kn-08510-65200821-292011\/#primaryimage\",\"url\":\"https:\/\/phira.com.tr\/katalog\/wp-content\/uploads\/2023\/03\/65200821.jpg\",\"contentUrl\":\"https:\/\/phira.com.tr\/katalog\/wp-content\/uploads\/2023\/03\/65200821.jpg\",\"width\":800,\"height\":600},{\"@type\":\"BreadcrumbList\",\"@id\":\"https:\/\/phira.com.tr\/katalog\/renault-kangoo-2008-camurluk-on-sol-sinyal-delikli-plastik-oem-631011587r-7701478211-kn-08510-65200821-292011\/#breadcrumb\",\"itemListElement\":[{\"@type\":\"ListItem\",\"position\":1,\"name\":\"Anasayfa\",\"item\":\"https:\/\/phira.com.tr\/katalog\/\"},{\"@type\":\"ListItem\",\"position\":2,\"name\":\"Phira Online Katalog\",\"item\":\"https:\/\/phira.com.tr\/katalog\/\"},{\"@type\":\"ListItem\",\"position\":3,\"name\":\"RENAULT KANGOO (2008>) \u00c7AMURLUK \u00d6N SOL S\u0130NYAL DEL\u0130KL\u0130 PLAST\u0130K OEM: 631011587R 7701478211 KN-08510 65200821 292011\"}]},{\"@type\":\"WebSite\",\"@id\":\"https:\/\/phira.com.tr\/katalog\/#website\",\"url\":\"https:\/\/phira.com.tr\/katalog\/\",\"name\":\"Phira Online Katalog\",\"description\":\"\",\"publisher\":{\"@id\":\"https:\/\/phira.com.tr\/katalog\/#organization\"},\"potentialAction\":[{\"@type\":\"SearchAction\",\"target\":{\"@type\":\"EntryPoint\",\"urlTemplate\":\"https:\/\/phira.com.tr\/katalog\/?s={search_term_string}\"},\"query-input\":\"required name=search_term_string\"}],\"inLanguage\":\"tr\"},{\"@type\":\"Organization\",\"@id\":\"https:\/\/phira.com.tr\/katalog\/#organization\",\"name\":\"Phira T\u00fcrkiye\",\"url\":\"https:\/\/phira.com.tr\/katalog\/\",\"logo\":{\"@type\":\"ImageObject\",\"inLanguage\":\"tr\",\"@id\":\"https:\/\/phira.com.tr\/katalog\/#\/schema\/logo\/image\/\",\"url\":\"https:\/\/phira.com.tr\/katalog\/wp-content\/uploads\/2023\/03\/screenshot.png\",\"contentUrl\":\"https:\/\/phira.com.tr\/katalog\/wp-content\/uploads\/2023\/03\/screenshot.png\",\"width\":1200,\"height\":900,\"caption\":\"Phira T\u00fcrkiye\"},\"image\":{\"@id\":\"https:\/\/phira.com.tr\/katalog\/#\/schema\/logo\/image\/\"}}]}<\/script>\n<!-- \/ Yoast SEO plugin. -->","yoast_head_json":{"title":"RENAULT KANGOO (2008>) \u00c7AMURLUK \u00d6N SOL S\u0130NYAL DEL\u0130KL\u0130 PLAST\u0130K OEM: 631011587R 7701478211 KN-08510 65200821 292011 - Phira Online Katalog","robots":{"index":"index","follow":"follow","max-snippet":"max-snippet:-1","max-image-preview":"max-image-preview:large","max-video-preview":"max-video-preview:-1"},"canonical":"https:\/\/phira.com.tr\/katalog\/renault-kangoo-2008-camurluk-on-sol-sinyal-delikli-plastik-oem-631011587r-7701478211-kn-08510-65200821-292011\/","og_locale":"tr_TR","og_type":"article","og_title":"RENAULT KANGOO (2008>) \u00c7AMURLUK \u00d6N SOL S\u0130NYAL DEL\u0130KL\u0130 PLAST\u0130K OEM: 631011587R 7701478211 KN-08510 65200821 292011 - Phira Online Katalog","og_description":"\u00c7AMURLUK \u00d6N SOL S\u0130NYAL DEL\u0130KL\u0130 PLAST\u0130K OEM: 631011587R 7701478211 KN-08510  65200821  292011  Marka: RENAULT Model: KANGOO Y\u0131","og_url":"https:\/\/phira.com.tr\/katalog\/renault-kangoo-2008-camurluk-on-sol-sinyal-delikli-plastik-oem-631011587r-7701478211-kn-08510-65200821-292011\/","og_site_name":"Phira Online Katalog","article_modified_time":"2023-03-30T10:13:46+00:00","og_image":[{"width":800,"height":600,"url":"https:\/\/phira.com.tr\/katalog\/wp-content\/uploads\/2023\/03\/65200821.jpg","type":"image\/jpeg"}],"twitter_card":"summary_large_image","schema":{"@context":"https:\/\/schema.org","@graph":[{"@type":"WebPage","@id":"https:\/\/phira.com.tr\/katalog\/renault-kangoo-2008-camurluk-on-sol-sinyal-delikli-plastik-oem-631011587r-7701478211-kn-08510-65200821-292011\/","url":"https:\/\/phira.com.tr\/katalog\/renault-kangoo-2008-camurluk-on-sol-sinyal-delikli-plastik-oem-631011587r-7701478211-kn-08510-65200821-292011\/","name":"RENAULT KANGOO (2008>) \u00c7AMURLUK \u00d6N SOL S\u0130NYAL DEL\u0130KL\u0130 PLAST\u0130K OEM: 631011587R 7701478211 KN-08510 65200821 292011 - Phira Online Katalog","isPartOf":{"@id":"https:\/\/phira.com.tr\/katalog\/#website"},"primaryImageOfPage":{"@id":"https:\/\/phira.com.tr\/katalog\/renault-kangoo-2008-camurluk-on-sol-sinyal-delikli-plastik-oem-631011587r-7701478211-kn-08510-65200821-292011\/#primaryimage"},"image":{"@id":"https:\/\/phira.com.tr\/katalog\/renault-kangoo-2008-camurluk-on-sol-sinyal-delikli-plastik-oem-631011587r-7701478211-kn-08510-65200821-292011\/#primaryimage"},"thumbnailUrl":"https:\/\/phira.com.tr\/katalog\/wp-content\/uploads\/2023\/03\/65200821.jpg","datePublished":"2023-03-30T10:13:17+00:00","dateModified":"2023-03-30T10:13:46+00:00","breadcrumb":{"@id":"https:\/\/phira.com.tr\/katalog\/renault-kangoo-2008-camurluk-on-sol-sinyal-delikli-plastik-oem-631011587r-7701478211-kn-08510-65200821-292011\/#breadcrumb"},"inLanguage":"tr","potentialAction":[{"@type":"ReadAction","target":["https:\/\/phira.com.tr\/katalog\/renault-kangoo-2008-camurluk-on-sol-sinyal-delikli-plastik-oem-631011587r-7701478211-kn-08510-65200821-292011\/"]}]},{"@type":"ImageObject","inLanguage":"tr","@id":"https:\/\/phira.com.tr\/katalog\/renault-kangoo-2008-camurluk-on-sol-sinyal-delikli-plastik-oem-631011587r-7701478211-kn-08510-65200821-292011\/#primaryimage","url":"https:\/\/phira.com.tr\/katalog\/wp-content\/uploads\/2023\/03\/65200821.jpg","contentUrl":"https:\/\/phira.com.tr\/katalog\/wp-content\/uploads\/2023\/03\/65200821.jpg","width":800,"height":600},{"@type":"BreadcrumbList","@id":"https:\/\/phira.com.tr\/katalog\/renault-kangoo-2008-camurluk-on-sol-sinyal-delikli-plastik-oem-631011587r-7701478211-kn-08510-65200821-292011\/#breadcrumb","itemListElement":[{"@type":"ListItem","position":1,"name":"Anasayfa","item":"https:\/\/phira.com.tr\/katalog\/"},{"@type":"ListItem","position":2,"name":"Phira Online Katalog","item":"https:\/\/phira.com.tr\/katalog\/"},{"@type":"ListItem","position":3,"name":"RENAULT KANGOO (2008>) \u00c7AMURLUK \u00d6N SOL S\u0130NYAL DEL\u0130KL\u0130 PLAST\u0130K OEM: 631011587R 7701478211 KN-08510 65200821 292011"}]},{"@type":"WebSite","@id":"https:\/\/phira.com.tr\/katalog\/#website","url":"https:\/\/phira.com.tr\/katalog\/","name":"Phira Online Katalog","description":"","publisher":{"@id":"https:\/\/phira.com.tr\/katalog\/#organization"},"potentialAction":[{"@type":"SearchAction","target":{"@type":"EntryPoint","urlTemplate":"https:\/\/phira.com.tr\/katalog\/?s={search_term_string}"},"query-input":"required name=search_term_string"}],"inLanguage":"tr"},{"@type":"Organization","@id":"https:\/\/phira.com.tr\/katalog\/#organization","name":"Phira T\u00fcrkiye","url":"https:\/\/phira.com.tr\/katalog\/","logo":{"@type":"ImageObject","inLanguage":"tr","@id":"https:\/\/phira.com.tr\/katalog\/#\/schema\/logo\/image\/","url":"https:\/\/phira.com.tr\/katalog\/wp-content\/uploads\/2023\/03\/screenshot.png","contentUrl":"https:\/\/phira.com.tr\/katalog\/wp-content\/uploads\/2023\/03\/screenshot.png","width":1200,"height":900,"caption":"Phira T\u00fcrkiye"},"image":{"@id":"https:\/\/phira.com.tr\/katalog\/#\/schema\/logo\/image\/"}}]}},"_links":{"self":[{"href":"https:\/\/phira.com.tr\/katalog\/wp-json\/wp\/v2\/product\/11779","targetHints":{"allow":["GET"]}}],"collection":[{"href":"https:\/\/phira.com.tr\/katalog\/wp-json\/wp\/v2\/product"}],"about":[{"href":"https:\/\/phira.com.tr\/katalog\/wp-json\/wp\/v2\/types\/product"}],"replies":[{"embeddable":true,"href":"https:\/\/phira.com.tr\/katalog\/wp-json\/wp\/v2\/comments?post=11779"}],"wp:featuredmedia":[{"embeddable":true,"href":"https:\/\/phira.com.tr\/katalog\/wp-json\/wp\/v2\/media\/11830"}],"wp:attachment":[{"href":"https:\/\/phira.com.tr\/katalog\/wp-json\/wp\/v2\/media?parent=11779"}],"wp:term":[{"taxonomy":"product_cat","embeddable":true,"href":"https:\/\/phira.com.tr\/katalog\/wp-json\/wp\/v2\/product_cat?post=11779"},{"taxonomy":"product_tag","embeddable":true,"href":"https:\/\/phira.com.tr\/katalog\/wp-json\/wp\/v2\/product_tag?post=11779"}],"curies":[{"name":"wp","href":"https:\/\/api.w.org\/{rel}","templated":true}]}}