{"id":12608,"date":"2023-03-30T13:22:07","date_gmt":"2023-03-30T10:22:07","guid":{"rendered":"https:\/\/phira.com.tr\/katalog\/?post_type=product&#038;p=12608"},"modified":"2023-03-30T13:22:34","modified_gmt":"2023-03-30T10:22:34","slug":"ford-fiesta-2017-camurluk-on-sag-sac-oem-h1bba16015ac-2400943-h1bba16015ad","status":"publish","type":"product","link":"https:\/\/phira.com.tr\/katalog\/ford-fiesta-2017-camurluk-on-sag-sac-oem-h1bba16015ac-2400943-h1bba16015ad\/","title":{"rendered":"FORD FIESTA (2017>) \u00c7AMURLUK \u00d6N SA\u011e SAC OEM: H1BBA16015AC 2400943 H1BBA16015AD"},"content":{"rendered":"","protected":false},"excerpt":{"rendered":"<p>\u00c7AMURLUK \u00d6N SA\u011e  SAC<\/p>\n<p>OEM: <strong>H1BBA16015AC <\/strong> <strong>2400943<\/strong>  <strong>H1BBA16015AD <\/strong>  <strong> <\/strong>  <strong> <\/strong><br \/>\nMarka: <strong>FORD<\/strong><br \/>\nModel: <strong>FIESTA<\/strong><br \/>\nY\u0131l: <strong>2017><\/strong><\/p>\n","protected":false},"featured_media":12658,"comment_status":"open","ping_status":"closed","template":"","meta":[],"product_cat":[19,18],"product_tag":[],"class_list":{"0":"post-12608","1":"product","2":"type-product","3":"status-publish","4":"has-post-thumbnail","6":"product_cat-fiesta","7":"product_cat-ford","9":"first","10":"instock","11":"shipping-taxable","12":"product-type-simple"},"yoast_head":"<!-- This site is optimized with the Yoast SEO plugin v22.9 - https:\/\/yoast.com\/wordpress\/plugins\/seo\/ -->\n<title>FORD FIESTA (2017&gt;) \u00c7AMURLUK \u00d6N SA\u011e SAC OEM: H1BBA16015AC 2400943 H1BBA16015AD - Phira Online Katalog<\/title>\n<meta name=\"robots\" content=\"index, follow, max-snippet:-1, max-image-preview:large, max-video-preview:-1\" \/>\n<link rel=\"canonical\" href=\"https:\/\/phira.com.tr\/katalog\/ford-fiesta-2017-camurluk-on-sag-sac-oem-h1bba16015ac-2400943-h1bba16015ad\/\" \/>\n<meta property=\"og:locale\" content=\"tr_TR\" \/>\n<meta property=\"og:type\" content=\"article\" \/>\n<meta property=\"og:title\" content=\"FORD FIESTA (2017&gt;) \u00c7AMURLUK \u00d6N SA\u011e SAC OEM: H1BBA16015AC 2400943 H1BBA16015AD - Phira Online Katalog\" \/>\n<meta property=\"og:description\" content=\"\u00c7AMURLUK \u00d6N SA\u011e SAC OEM: H1BBA16015AC 2400943 H1BBA16015AD     Marka: FORD Model: FIESTA Y\u0131l: 2017&gt;\" \/>\n<meta property=\"og:url\" content=\"https:\/\/phira.com.tr\/katalog\/ford-fiesta-2017-camurluk-on-sag-sac-oem-h1bba16015ac-2400943-h1bba16015ad\/\" \/>\n<meta property=\"og:site_name\" content=\"Phira Online Katalog\" \/>\n<meta property=\"article:modified_time\" content=\"2023-03-30T10:22:34+00:00\" \/>\n<meta property=\"og:image\" content=\"https:\/\/phira.com.tr\/katalog\/wp-content\/uploads\/2023\/03\/472012.jpg\" \/>\n\t<meta property=\"og:image:width\" content=\"800\" \/>\n\t<meta property=\"og:image:height\" content=\"600\" \/>\n\t<meta property=\"og:image:type\" content=\"image\/jpeg\" \/>\n<meta name=\"twitter:card\" content=\"summary_large_image\" \/>\n<script type=\"application\/ld+json\" class=\"yoast-schema-graph\">{\"@context\":\"https:\/\/schema.org\",\"@graph\":[{\"@type\":\"WebPage\",\"@id\":\"https:\/\/phira.com.tr\/katalog\/ford-fiesta-2017-camurluk-on-sag-sac-oem-h1bba16015ac-2400943-h1bba16015ad\/\",\"url\":\"https:\/\/phira.com.tr\/katalog\/ford-fiesta-2017-camurluk-on-sag-sac-oem-h1bba16015ac-2400943-h1bba16015ad\/\",\"name\":\"FORD FIESTA (2017>) \u00c7AMURLUK \u00d6N SA\u011e SAC OEM: H1BBA16015AC 2400943 H1BBA16015AD - Phira Online Katalog\",\"isPartOf\":{\"@id\":\"https:\/\/phira.com.tr\/katalog\/#website\"},\"primaryImageOfPage\":{\"@id\":\"https:\/\/phira.com.tr\/katalog\/ford-fiesta-2017-camurluk-on-sag-sac-oem-h1bba16015ac-2400943-h1bba16015ad\/#primaryimage\"},\"image\":{\"@id\":\"https:\/\/phira.com.tr\/katalog\/ford-fiesta-2017-camurluk-on-sag-sac-oem-h1bba16015ac-2400943-h1bba16015ad\/#primaryimage\"},\"thumbnailUrl\":\"https:\/\/phira.com.tr\/katalog\/wp-content\/uploads\/2023\/03\/472012.jpg\",\"datePublished\":\"2023-03-30T10:22:07+00:00\",\"dateModified\":\"2023-03-30T10:22:34+00:00\",\"breadcrumb\":{\"@id\":\"https:\/\/phira.com.tr\/katalog\/ford-fiesta-2017-camurluk-on-sag-sac-oem-h1bba16015ac-2400943-h1bba16015ad\/#breadcrumb\"},\"inLanguage\":\"tr\",\"potentialAction\":[{\"@type\":\"ReadAction\",\"target\":[\"https:\/\/phira.com.tr\/katalog\/ford-fiesta-2017-camurluk-on-sag-sac-oem-h1bba16015ac-2400943-h1bba16015ad\/\"]}]},{\"@type\":\"ImageObject\",\"inLanguage\":\"tr\",\"@id\":\"https:\/\/phira.com.tr\/katalog\/ford-fiesta-2017-camurluk-on-sag-sac-oem-h1bba16015ac-2400943-h1bba16015ad\/#primaryimage\",\"url\":\"https:\/\/phira.com.tr\/katalog\/wp-content\/uploads\/2023\/03\/472012.jpg\",\"contentUrl\":\"https:\/\/phira.com.tr\/katalog\/wp-content\/uploads\/2023\/03\/472012.jpg\",\"width\":800,\"height\":600},{\"@type\":\"BreadcrumbList\",\"@id\":\"https:\/\/phira.com.tr\/katalog\/ford-fiesta-2017-camurluk-on-sag-sac-oem-h1bba16015ac-2400943-h1bba16015ad\/#breadcrumb\",\"itemListElement\":[{\"@type\":\"ListItem\",\"position\":1,\"name\":\"Anasayfa\",\"item\":\"https:\/\/phira.com.tr\/katalog\/\"},{\"@type\":\"ListItem\",\"position\":2,\"name\":\"Phira Online Katalog\",\"item\":\"https:\/\/phira.com.tr\/katalog\/\"},{\"@type\":\"ListItem\",\"position\":3,\"name\":\"FORD FIESTA (2017>) \u00c7AMURLUK \u00d6N SA\u011e SAC OEM: H1BBA16015AC 2400943 H1BBA16015AD\"}]},{\"@type\":\"WebSite\",\"@id\":\"https:\/\/phira.com.tr\/katalog\/#website\",\"url\":\"https:\/\/phira.com.tr\/katalog\/\",\"name\":\"Phira Online Katalog\",\"description\":\"\",\"publisher\":{\"@id\":\"https:\/\/phira.com.tr\/katalog\/#organization\"},\"potentialAction\":[{\"@type\":\"SearchAction\",\"target\":{\"@type\":\"EntryPoint\",\"urlTemplate\":\"https:\/\/phira.com.tr\/katalog\/?s={search_term_string}\"},\"query-input\":\"required name=search_term_string\"}],\"inLanguage\":\"tr\"},{\"@type\":\"Organization\",\"@id\":\"https:\/\/phira.com.tr\/katalog\/#organization\",\"name\":\"Phira T\u00fcrkiye\",\"url\":\"https:\/\/phira.com.tr\/katalog\/\",\"logo\":{\"@type\":\"ImageObject\",\"inLanguage\":\"tr\",\"@id\":\"https:\/\/phira.com.tr\/katalog\/#\/schema\/logo\/image\/\",\"url\":\"https:\/\/phira.com.tr\/katalog\/wp-content\/uploads\/2023\/03\/screenshot.png\",\"contentUrl\":\"https:\/\/phira.com.tr\/katalog\/wp-content\/uploads\/2023\/03\/screenshot.png\",\"width\":1200,\"height\":900,\"caption\":\"Phira T\u00fcrkiye\"},\"image\":{\"@id\":\"https:\/\/phira.com.tr\/katalog\/#\/schema\/logo\/image\/\"}}]}<\/script>\n<!-- \/ Yoast SEO plugin. -->","yoast_head_json":{"title":"FORD FIESTA (2017>) \u00c7AMURLUK \u00d6N SA\u011e SAC OEM: H1BBA16015AC 2400943 H1BBA16015AD - Phira Online Katalog","robots":{"index":"index","follow":"follow","max-snippet":"max-snippet:-1","max-image-preview":"max-image-preview:large","max-video-preview":"max-video-preview:-1"},"canonical":"https:\/\/phira.com.tr\/katalog\/ford-fiesta-2017-camurluk-on-sag-sac-oem-h1bba16015ac-2400943-h1bba16015ad\/","og_locale":"tr_TR","og_type":"article","og_title":"FORD FIESTA (2017>) \u00c7AMURLUK \u00d6N SA\u011e SAC OEM: H1BBA16015AC 2400943 H1BBA16015AD - Phira Online Katalog","og_description":"\u00c7AMURLUK \u00d6N SA\u011e SAC OEM: H1BBA16015AC 2400943 H1BBA16015AD     Marka: FORD Model: FIESTA Y\u0131l: 2017>","og_url":"https:\/\/phira.com.tr\/katalog\/ford-fiesta-2017-camurluk-on-sag-sac-oem-h1bba16015ac-2400943-h1bba16015ad\/","og_site_name":"Phira Online Katalog","article_modified_time":"2023-03-30T10:22:34+00:00","og_image":[{"width":800,"height":600,"url":"https:\/\/phira.com.tr\/katalog\/wp-content\/uploads\/2023\/03\/472012.jpg","type":"image\/jpeg"}],"twitter_card":"summary_large_image","schema":{"@context":"https:\/\/schema.org","@graph":[{"@type":"WebPage","@id":"https:\/\/phira.com.tr\/katalog\/ford-fiesta-2017-camurluk-on-sag-sac-oem-h1bba16015ac-2400943-h1bba16015ad\/","url":"https:\/\/phira.com.tr\/katalog\/ford-fiesta-2017-camurluk-on-sag-sac-oem-h1bba16015ac-2400943-h1bba16015ad\/","name":"FORD FIESTA (2017>) \u00c7AMURLUK \u00d6N SA\u011e SAC OEM: H1BBA16015AC 2400943 H1BBA16015AD - Phira Online Katalog","isPartOf":{"@id":"https:\/\/phira.com.tr\/katalog\/#website"},"primaryImageOfPage":{"@id":"https:\/\/phira.com.tr\/katalog\/ford-fiesta-2017-camurluk-on-sag-sac-oem-h1bba16015ac-2400943-h1bba16015ad\/#primaryimage"},"image":{"@id":"https:\/\/phira.com.tr\/katalog\/ford-fiesta-2017-camurluk-on-sag-sac-oem-h1bba16015ac-2400943-h1bba16015ad\/#primaryimage"},"thumbnailUrl":"https:\/\/phira.com.tr\/katalog\/wp-content\/uploads\/2023\/03\/472012.jpg","datePublished":"2023-03-30T10:22:07+00:00","dateModified":"2023-03-30T10:22:34+00:00","breadcrumb":{"@id":"https:\/\/phira.com.tr\/katalog\/ford-fiesta-2017-camurluk-on-sag-sac-oem-h1bba16015ac-2400943-h1bba16015ad\/#breadcrumb"},"inLanguage":"tr","potentialAction":[{"@type":"ReadAction","target":["https:\/\/phira.com.tr\/katalog\/ford-fiesta-2017-camurluk-on-sag-sac-oem-h1bba16015ac-2400943-h1bba16015ad\/"]}]},{"@type":"ImageObject","inLanguage":"tr","@id":"https:\/\/phira.com.tr\/katalog\/ford-fiesta-2017-camurluk-on-sag-sac-oem-h1bba16015ac-2400943-h1bba16015ad\/#primaryimage","url":"https:\/\/phira.com.tr\/katalog\/wp-content\/uploads\/2023\/03\/472012.jpg","contentUrl":"https:\/\/phira.com.tr\/katalog\/wp-content\/uploads\/2023\/03\/472012.jpg","width":800,"height":600},{"@type":"BreadcrumbList","@id":"https:\/\/phira.com.tr\/katalog\/ford-fiesta-2017-camurluk-on-sag-sac-oem-h1bba16015ac-2400943-h1bba16015ad\/#breadcrumb","itemListElement":[{"@type":"ListItem","position":1,"name":"Anasayfa","item":"https:\/\/phira.com.tr\/katalog\/"},{"@type":"ListItem","position":2,"name":"Phira Online Katalog","item":"https:\/\/phira.com.tr\/katalog\/"},{"@type":"ListItem","position":3,"name":"FORD FIESTA (2017>) \u00c7AMURLUK \u00d6N SA\u011e SAC OEM: H1BBA16015AC 2400943 H1BBA16015AD"}]},{"@type":"WebSite","@id":"https:\/\/phira.com.tr\/katalog\/#website","url":"https:\/\/phira.com.tr\/katalog\/","name":"Phira Online Katalog","description":"","publisher":{"@id":"https:\/\/phira.com.tr\/katalog\/#organization"},"potentialAction":[{"@type":"SearchAction","target":{"@type":"EntryPoint","urlTemplate":"https:\/\/phira.com.tr\/katalog\/?s={search_term_string}"},"query-input":"required name=search_term_string"}],"inLanguage":"tr"},{"@type":"Organization","@id":"https:\/\/phira.com.tr\/katalog\/#organization","name":"Phira T\u00fcrkiye","url":"https:\/\/phira.com.tr\/katalog\/","logo":{"@type":"ImageObject","inLanguage":"tr","@id":"https:\/\/phira.com.tr\/katalog\/#\/schema\/logo\/image\/","url":"https:\/\/phira.com.tr\/katalog\/wp-content\/uploads\/2023\/03\/screenshot.png","contentUrl":"https:\/\/phira.com.tr\/katalog\/wp-content\/uploads\/2023\/03\/screenshot.png","width":1200,"height":900,"caption":"Phira T\u00fcrkiye"},"image":{"@id":"https:\/\/phira.com.tr\/katalog\/#\/schema\/logo\/image\/"}}]}},"_links":{"self":[{"href":"https:\/\/phira.com.tr\/katalog\/wp-json\/wp\/v2\/product\/12608","targetHints":{"allow":["GET"]}}],"collection":[{"href":"https:\/\/phira.com.tr\/katalog\/wp-json\/wp\/v2\/product"}],"about":[{"href":"https:\/\/phira.com.tr\/katalog\/wp-json\/wp\/v2\/types\/product"}],"replies":[{"embeddable":true,"href":"https:\/\/phira.com.tr\/katalog\/wp-json\/wp\/v2\/comments?post=12608"}],"wp:featuredmedia":[{"embeddable":true,"href":"https:\/\/phira.com.tr\/katalog\/wp-json\/wp\/v2\/media\/12658"}],"wp:attachment":[{"href":"https:\/\/phira.com.tr\/katalog\/wp-json\/wp\/v2\/media?parent=12608"}],"wp:term":[{"taxonomy":"product_cat","embeddable":true,"href":"https:\/\/phira.com.tr\/katalog\/wp-json\/wp\/v2\/product_cat?post=12608"},{"taxonomy":"product_tag","embeddable":true,"href":"https:\/\/phira.com.tr\/katalog\/wp-json\/wp\/v2\/product_tag?post=12608"}],"curies":[{"name":"wp","href":"https:\/\/api.w.org\/{rel}","templated":true}]}}