{"id":13138,"date":"2023-03-30T13:27:38","date_gmt":"2023-03-30T10:27:38","guid":{"rendered":"https:\/\/phira.com.tr\/katalog\/?post_type=product&#038;p=13138"},"modified":"2023-03-30T13:27:59","modified_gmt":"2023-03-30T10:27:59","slug":"ford-focus-2007-2011-tampon-traversi-on-alt-radyator-sac-oem-3m5h8a297jj-3m5h8a297jj-1435962","status":"publish","type":"product","link":"https:\/\/phira.com.tr\/katalog\/ford-focus-2007-2011-tampon-traversi-on-alt-radyator-sac-oem-3m5h8a297jj-3m5h8a297jj-1435962\/","title":{"rendered":"FORD FOCUS (2007-2011) TAMPON TRAVERS\u0130 \u00d6N ALT RADYAT\u00d6R SAC OEM: 3M5H8A297JJ 3M5H8A297JJ 1435962"},"content":{"rendered":"","protected":false},"excerpt":{"rendered":"<p>TAMPON TRAVERS\u0130 \u00d6N ALT RADYAT\u00d6R SAC<\/p>\n<p>OEM: <strong>3M5H8A297JJ <\/strong> <strong>3M5H8A297JJ<\/strong>  <strong>1435962 <\/strong>  <strong> <\/strong>  <strong> <\/strong><br \/>\nMarka: <strong>FORD<\/strong><br \/>\nModel: <strong>FOCUS<\/strong><br \/>\nY\u0131l: <strong>2007-2011<\/p>\n","protected":false},"featured_media":13168,"comment_status":"open","ping_status":"closed","template":"","meta":[],"product_cat":[20,18],"product_tag":[],"class_list":{"0":"post-13138","1":"product","2":"type-product","3":"status-publish","4":"has-post-thumbnail","6":"product_cat-focus","7":"product_cat-ford","9":"first","10":"instock","11":"shipping-taxable","12":"product-type-simple"},"yoast_head":"<!-- This site is optimized with the Yoast SEO plugin v22.9 - https:\/\/yoast.com\/wordpress\/plugins\/seo\/ -->\n<title>FORD FOCUS (2007-2011) TAMPON TRAVERS\u0130 \u00d6N ALT RADYAT\u00d6R SAC OEM: 3M5H8A297JJ 3M5H8A297JJ 1435962 - Phira Online Katalog<\/title>\n<meta name=\"robots\" content=\"index, follow, max-snippet:-1, max-image-preview:large, max-video-preview:-1\" \/>\n<link rel=\"canonical\" href=\"https:\/\/phira.com.tr\/katalog\/ford-focus-2007-2011-tampon-traversi-on-alt-radyator-sac-oem-3m5h8a297jj-3m5h8a297jj-1435962\/\" \/>\n<meta property=\"og:locale\" content=\"tr_TR\" \/>\n<meta property=\"og:type\" content=\"article\" \/>\n<meta property=\"og:title\" content=\"FORD FOCUS (2007-2011) TAMPON TRAVERS\u0130 \u00d6N ALT RADYAT\u00d6R SAC OEM: 3M5H8A297JJ 3M5H8A297JJ 1435962 - Phira Online Katalog\" \/>\n<meta property=\"og:description\" content=\"TAMPON TRAVERS\u0130 \u00d6N ALT RADYAT\u00d6R SAC OEM: 3M5H8A297JJ 3M5H8A297JJ 1435962     Marka: FORD Model: FOCUS Y\u0131l: 2007-2011\" \/>\n<meta property=\"og:url\" content=\"https:\/\/phira.com.tr\/katalog\/ford-focus-2007-2011-tampon-traversi-on-alt-radyator-sac-oem-3m5h8a297jj-3m5h8a297jj-1435962\/\" \/>\n<meta property=\"og:site_name\" content=\"Phira Online Katalog\" \/>\n<meta property=\"article:modified_time\" content=\"2023-03-30T10:27:59+00:00\" \/>\n<meta property=\"og:image\" content=\"https:\/\/phira.com.tr\/katalog\/wp-content\/uploads\/2023\/03\/467070.jpg\" \/>\n\t<meta property=\"og:image:width\" content=\"800\" \/>\n\t<meta property=\"og:image:height\" content=\"600\" \/>\n\t<meta property=\"og:image:type\" content=\"image\/jpeg\" \/>\n<meta name=\"twitter:card\" content=\"summary_large_image\" \/>\n<script type=\"application\/ld+json\" class=\"yoast-schema-graph\">{\"@context\":\"https:\/\/schema.org\",\"@graph\":[{\"@type\":\"WebPage\",\"@id\":\"https:\/\/phira.com.tr\/katalog\/ford-focus-2007-2011-tampon-traversi-on-alt-radyator-sac-oem-3m5h8a297jj-3m5h8a297jj-1435962\/\",\"url\":\"https:\/\/phira.com.tr\/katalog\/ford-focus-2007-2011-tampon-traversi-on-alt-radyator-sac-oem-3m5h8a297jj-3m5h8a297jj-1435962\/\",\"name\":\"FORD FOCUS (2007-2011) TAMPON TRAVERS\u0130 \u00d6N ALT RADYAT\u00d6R SAC OEM: 3M5H8A297JJ 3M5H8A297JJ 1435962 - Phira Online Katalog\",\"isPartOf\":{\"@id\":\"https:\/\/phira.com.tr\/katalog\/#website\"},\"primaryImageOfPage\":{\"@id\":\"https:\/\/phira.com.tr\/katalog\/ford-focus-2007-2011-tampon-traversi-on-alt-radyator-sac-oem-3m5h8a297jj-3m5h8a297jj-1435962\/#primaryimage\"},\"image\":{\"@id\":\"https:\/\/phira.com.tr\/katalog\/ford-focus-2007-2011-tampon-traversi-on-alt-radyator-sac-oem-3m5h8a297jj-3m5h8a297jj-1435962\/#primaryimage\"},\"thumbnailUrl\":\"https:\/\/phira.com.tr\/katalog\/wp-content\/uploads\/2023\/03\/467070.jpg\",\"datePublished\":\"2023-03-30T10:27:38+00:00\",\"dateModified\":\"2023-03-30T10:27:59+00:00\",\"breadcrumb\":{\"@id\":\"https:\/\/phira.com.tr\/katalog\/ford-focus-2007-2011-tampon-traversi-on-alt-radyator-sac-oem-3m5h8a297jj-3m5h8a297jj-1435962\/#breadcrumb\"},\"inLanguage\":\"tr\",\"potentialAction\":[{\"@type\":\"ReadAction\",\"target\":[\"https:\/\/phira.com.tr\/katalog\/ford-focus-2007-2011-tampon-traversi-on-alt-radyator-sac-oem-3m5h8a297jj-3m5h8a297jj-1435962\/\"]}]},{\"@type\":\"ImageObject\",\"inLanguage\":\"tr\",\"@id\":\"https:\/\/phira.com.tr\/katalog\/ford-focus-2007-2011-tampon-traversi-on-alt-radyator-sac-oem-3m5h8a297jj-3m5h8a297jj-1435962\/#primaryimage\",\"url\":\"https:\/\/phira.com.tr\/katalog\/wp-content\/uploads\/2023\/03\/467070.jpg\",\"contentUrl\":\"https:\/\/phira.com.tr\/katalog\/wp-content\/uploads\/2023\/03\/467070.jpg\",\"width\":800,\"height\":600},{\"@type\":\"BreadcrumbList\",\"@id\":\"https:\/\/phira.com.tr\/katalog\/ford-focus-2007-2011-tampon-traversi-on-alt-radyator-sac-oem-3m5h8a297jj-3m5h8a297jj-1435962\/#breadcrumb\",\"itemListElement\":[{\"@type\":\"ListItem\",\"position\":1,\"name\":\"Anasayfa\",\"item\":\"https:\/\/phira.com.tr\/katalog\/\"},{\"@type\":\"ListItem\",\"position\":2,\"name\":\"Phira Online Katalog\",\"item\":\"https:\/\/phira.com.tr\/katalog\/\"},{\"@type\":\"ListItem\",\"position\":3,\"name\":\"FORD FOCUS (2007-2011) TAMPON TRAVERS\u0130 \u00d6N ALT RADYAT\u00d6R SAC OEM: 3M5H8A297JJ 3M5H8A297JJ 1435962\"}]},{\"@type\":\"WebSite\",\"@id\":\"https:\/\/phira.com.tr\/katalog\/#website\",\"url\":\"https:\/\/phira.com.tr\/katalog\/\",\"name\":\"Phira Online Katalog\",\"description\":\"\",\"publisher\":{\"@id\":\"https:\/\/phira.com.tr\/katalog\/#organization\"},\"potentialAction\":[{\"@type\":\"SearchAction\",\"target\":{\"@type\":\"EntryPoint\",\"urlTemplate\":\"https:\/\/phira.com.tr\/katalog\/?s={search_term_string}\"},\"query-input\":\"required name=search_term_string\"}],\"inLanguage\":\"tr\"},{\"@type\":\"Organization\",\"@id\":\"https:\/\/phira.com.tr\/katalog\/#organization\",\"name\":\"Phira T\u00fcrkiye\",\"url\":\"https:\/\/phira.com.tr\/katalog\/\",\"logo\":{\"@type\":\"ImageObject\",\"inLanguage\":\"tr\",\"@id\":\"https:\/\/phira.com.tr\/katalog\/#\/schema\/logo\/image\/\",\"url\":\"https:\/\/phira.com.tr\/katalog\/wp-content\/uploads\/2023\/03\/screenshot.png\",\"contentUrl\":\"https:\/\/phira.com.tr\/katalog\/wp-content\/uploads\/2023\/03\/screenshot.png\",\"width\":1200,\"height\":900,\"caption\":\"Phira T\u00fcrkiye\"},\"image\":{\"@id\":\"https:\/\/phira.com.tr\/katalog\/#\/schema\/logo\/image\/\"}}]}<\/script>\n<!-- \/ Yoast SEO plugin. -->","yoast_head_json":{"title":"FORD FOCUS (2007-2011) TAMPON TRAVERS\u0130 \u00d6N ALT RADYAT\u00d6R SAC OEM: 3M5H8A297JJ 3M5H8A297JJ 1435962 - Phira Online Katalog","robots":{"index":"index","follow":"follow","max-snippet":"max-snippet:-1","max-image-preview":"max-image-preview:large","max-video-preview":"max-video-preview:-1"},"canonical":"https:\/\/phira.com.tr\/katalog\/ford-focus-2007-2011-tampon-traversi-on-alt-radyator-sac-oem-3m5h8a297jj-3m5h8a297jj-1435962\/","og_locale":"tr_TR","og_type":"article","og_title":"FORD FOCUS (2007-2011) TAMPON TRAVERS\u0130 \u00d6N ALT RADYAT\u00d6R SAC OEM: 3M5H8A297JJ 3M5H8A297JJ 1435962 - Phira Online Katalog","og_description":"TAMPON TRAVERS\u0130 \u00d6N ALT RADYAT\u00d6R SAC OEM: 3M5H8A297JJ 3M5H8A297JJ 1435962     Marka: FORD Model: FOCUS Y\u0131l: 2007-2011","og_url":"https:\/\/phira.com.tr\/katalog\/ford-focus-2007-2011-tampon-traversi-on-alt-radyator-sac-oem-3m5h8a297jj-3m5h8a297jj-1435962\/","og_site_name":"Phira Online Katalog","article_modified_time":"2023-03-30T10:27:59+00:00","og_image":[{"width":800,"height":600,"url":"https:\/\/phira.com.tr\/katalog\/wp-content\/uploads\/2023\/03\/467070.jpg","type":"image\/jpeg"}],"twitter_card":"summary_large_image","schema":{"@context":"https:\/\/schema.org","@graph":[{"@type":"WebPage","@id":"https:\/\/phira.com.tr\/katalog\/ford-focus-2007-2011-tampon-traversi-on-alt-radyator-sac-oem-3m5h8a297jj-3m5h8a297jj-1435962\/","url":"https:\/\/phira.com.tr\/katalog\/ford-focus-2007-2011-tampon-traversi-on-alt-radyator-sac-oem-3m5h8a297jj-3m5h8a297jj-1435962\/","name":"FORD FOCUS (2007-2011) TAMPON TRAVERS\u0130 \u00d6N ALT RADYAT\u00d6R SAC OEM: 3M5H8A297JJ 3M5H8A297JJ 1435962 - Phira Online Katalog","isPartOf":{"@id":"https:\/\/phira.com.tr\/katalog\/#website"},"primaryImageOfPage":{"@id":"https:\/\/phira.com.tr\/katalog\/ford-focus-2007-2011-tampon-traversi-on-alt-radyator-sac-oem-3m5h8a297jj-3m5h8a297jj-1435962\/#primaryimage"},"image":{"@id":"https:\/\/phira.com.tr\/katalog\/ford-focus-2007-2011-tampon-traversi-on-alt-radyator-sac-oem-3m5h8a297jj-3m5h8a297jj-1435962\/#primaryimage"},"thumbnailUrl":"https:\/\/phira.com.tr\/katalog\/wp-content\/uploads\/2023\/03\/467070.jpg","datePublished":"2023-03-30T10:27:38+00:00","dateModified":"2023-03-30T10:27:59+00:00","breadcrumb":{"@id":"https:\/\/phira.com.tr\/katalog\/ford-focus-2007-2011-tampon-traversi-on-alt-radyator-sac-oem-3m5h8a297jj-3m5h8a297jj-1435962\/#breadcrumb"},"inLanguage":"tr","potentialAction":[{"@type":"ReadAction","target":["https:\/\/phira.com.tr\/katalog\/ford-focus-2007-2011-tampon-traversi-on-alt-radyator-sac-oem-3m5h8a297jj-3m5h8a297jj-1435962\/"]}]},{"@type":"ImageObject","inLanguage":"tr","@id":"https:\/\/phira.com.tr\/katalog\/ford-focus-2007-2011-tampon-traversi-on-alt-radyator-sac-oem-3m5h8a297jj-3m5h8a297jj-1435962\/#primaryimage","url":"https:\/\/phira.com.tr\/katalog\/wp-content\/uploads\/2023\/03\/467070.jpg","contentUrl":"https:\/\/phira.com.tr\/katalog\/wp-content\/uploads\/2023\/03\/467070.jpg","width":800,"height":600},{"@type":"BreadcrumbList","@id":"https:\/\/phira.com.tr\/katalog\/ford-focus-2007-2011-tampon-traversi-on-alt-radyator-sac-oem-3m5h8a297jj-3m5h8a297jj-1435962\/#breadcrumb","itemListElement":[{"@type":"ListItem","position":1,"name":"Anasayfa","item":"https:\/\/phira.com.tr\/katalog\/"},{"@type":"ListItem","position":2,"name":"Phira Online Katalog","item":"https:\/\/phira.com.tr\/katalog\/"},{"@type":"ListItem","position":3,"name":"FORD FOCUS (2007-2011) TAMPON TRAVERS\u0130 \u00d6N ALT RADYAT\u00d6R SAC OEM: 3M5H8A297JJ 3M5H8A297JJ 1435962"}]},{"@type":"WebSite","@id":"https:\/\/phira.com.tr\/katalog\/#website","url":"https:\/\/phira.com.tr\/katalog\/","name":"Phira Online Katalog","description":"","publisher":{"@id":"https:\/\/phira.com.tr\/katalog\/#organization"},"potentialAction":[{"@type":"SearchAction","target":{"@type":"EntryPoint","urlTemplate":"https:\/\/phira.com.tr\/katalog\/?s={search_term_string}"},"query-input":"required name=search_term_string"}],"inLanguage":"tr"},{"@type":"Organization","@id":"https:\/\/phira.com.tr\/katalog\/#organization","name":"Phira T\u00fcrkiye","url":"https:\/\/phira.com.tr\/katalog\/","logo":{"@type":"ImageObject","inLanguage":"tr","@id":"https:\/\/phira.com.tr\/katalog\/#\/schema\/logo\/image\/","url":"https:\/\/phira.com.tr\/katalog\/wp-content\/uploads\/2023\/03\/screenshot.png","contentUrl":"https:\/\/phira.com.tr\/katalog\/wp-content\/uploads\/2023\/03\/screenshot.png","width":1200,"height":900,"caption":"Phira T\u00fcrkiye"},"image":{"@id":"https:\/\/phira.com.tr\/katalog\/#\/schema\/logo\/image\/"}}]}},"_links":{"self":[{"href":"https:\/\/phira.com.tr\/katalog\/wp-json\/wp\/v2\/product\/13138","targetHints":{"allow":["GET"]}}],"collection":[{"href":"https:\/\/phira.com.tr\/katalog\/wp-json\/wp\/v2\/product"}],"about":[{"href":"https:\/\/phira.com.tr\/katalog\/wp-json\/wp\/v2\/types\/product"}],"replies":[{"embeddable":true,"href":"https:\/\/phira.com.tr\/katalog\/wp-json\/wp\/v2\/comments?post=13138"}],"wp:featuredmedia":[{"embeddable":true,"href":"https:\/\/phira.com.tr\/katalog\/wp-json\/wp\/v2\/media\/13168"}],"wp:attachment":[{"href":"https:\/\/phira.com.tr\/katalog\/wp-json\/wp\/v2\/media?parent=13138"}],"wp:term":[{"taxonomy":"product_cat","embeddable":true,"href":"https:\/\/phira.com.tr\/katalog\/wp-json\/wp\/v2\/product_cat?post=13138"},{"taxonomy":"product_tag","embeddable":true,"href":"https:\/\/phira.com.tr\/katalog\/wp-json\/wp\/v2\/product_tag?post=13138"}],"curies":[{"name":"wp","href":"https:\/\/api.w.org\/{rel}","templated":true}]}}