{"id":9736,"date":"2023-03-30T12:53:34","date_gmt":"2023-03-30T09:53:34","guid":{"rendered":"https:\/\/phira.com.tr\/katalog\/?post_type=product&#038;p=9736"},"modified":"2023-03-30T12:53:46","modified_gmt":"2023-03-30T09:53:46","slug":"toyota-auris-2010-tampon-on-astarsiz-oem-521190z904","status":"publish","type":"product","link":"https:\/\/phira.com.tr\/katalog\/toyota-auris-2010-tampon-on-astarsiz-oem-521190z904\/","title":{"rendered":"TOYOTA AURIS (2010>) TAMPON \u00d6N ASTARSIZ OEM: 521190Z904"},"content":{"rendered":"","protected":false},"excerpt":{"rendered":"<p>TAMPON \u00d6N ASTARSIZ<\/p>\n<p>OEM: <strong>521190Z904 <\/strong> <strong><\/strong>  <strong> <\/strong>  <strong> <\/strong>  <strong> <\/strong><br \/>\nMarka: <strong>TOYOTA<\/strong><br \/>\nModel: <strong>AURIS<\/strong><br \/>\nY\u0131l: <strong>2010><\/strong><\/p>\n","protected":false},"featured_media":9766,"comment_status":"open","ping_status":"closed","template":"","meta":[],"product_cat":[157,27],"product_tag":[],"class_list":{"0":"post-9736","1":"product","2":"type-product","3":"status-publish","4":"has-post-thumbnail","6":"product_cat-auris","7":"product_cat-toyota","9":"first","10":"instock","11":"shipping-taxable","12":"product-type-simple"},"yoast_head":"<!-- This site is optimized with the Yoast SEO plugin v22.9 - https:\/\/yoast.com\/wordpress\/plugins\/seo\/ -->\n<title>TOYOTA AURIS (2010&gt;) TAMPON \u00d6N ASTARSIZ OEM: 521190Z904 - Phira Online Katalog<\/title>\n<meta name=\"robots\" content=\"index, follow, max-snippet:-1, max-image-preview:large, max-video-preview:-1\" \/>\n<link rel=\"canonical\" href=\"https:\/\/phira.com.tr\/katalog\/toyota-auris-2010-tampon-on-astarsiz-oem-521190z904\/\" \/>\n<meta property=\"og:locale\" content=\"tr_TR\" \/>\n<meta property=\"og:type\" content=\"article\" \/>\n<meta property=\"og:title\" content=\"TOYOTA AURIS (2010&gt;) TAMPON \u00d6N ASTARSIZ OEM: 521190Z904 - Phira Online Katalog\" \/>\n<meta property=\"og:description\" content=\"TAMPON \u00d6N ASTARSIZ OEM: 521190Z904       Marka: TOYOTA Model: AURIS Y\u0131l: 2010&gt;\" \/>\n<meta property=\"og:url\" content=\"https:\/\/phira.com.tr\/katalog\/toyota-auris-2010-tampon-on-astarsiz-oem-521190z904\/\" \/>\n<meta property=\"og:site_name\" content=\"Phira Online Katalog\" \/>\n<meta property=\"article:modified_time\" content=\"2023-03-30T09:53:46+00:00\" \/>\n<meta property=\"og:image\" content=\"https:\/\/phira.com.tr\/katalog\/wp-content\/uploads\/2023\/03\/AU-10201.jpg\" \/>\n\t<meta property=\"og:image:width\" content=\"800\" \/>\n\t<meta property=\"og:image:height\" content=\"600\" \/>\n\t<meta property=\"og:image:type\" content=\"image\/jpeg\" \/>\n<meta name=\"twitter:card\" content=\"summary_large_image\" \/>\n<script type=\"application\/ld+json\" class=\"yoast-schema-graph\">{\"@context\":\"https:\/\/schema.org\",\"@graph\":[{\"@type\":\"WebPage\",\"@id\":\"https:\/\/phira.com.tr\/katalog\/toyota-auris-2010-tampon-on-astarsiz-oem-521190z904\/\",\"url\":\"https:\/\/phira.com.tr\/katalog\/toyota-auris-2010-tampon-on-astarsiz-oem-521190z904\/\",\"name\":\"TOYOTA AURIS (2010>) TAMPON \u00d6N ASTARSIZ OEM: 521190Z904 - Phira Online Katalog\",\"isPartOf\":{\"@id\":\"https:\/\/phira.com.tr\/katalog\/#website\"},\"primaryImageOfPage\":{\"@id\":\"https:\/\/phira.com.tr\/katalog\/toyota-auris-2010-tampon-on-astarsiz-oem-521190z904\/#primaryimage\"},\"image\":{\"@id\":\"https:\/\/phira.com.tr\/katalog\/toyota-auris-2010-tampon-on-astarsiz-oem-521190z904\/#primaryimage\"},\"thumbnailUrl\":\"https:\/\/phira.com.tr\/katalog\/wp-content\/uploads\/2023\/03\/AU-10201.jpg\",\"datePublished\":\"2023-03-30T09:53:34+00:00\",\"dateModified\":\"2023-03-30T09:53:46+00:00\",\"breadcrumb\":{\"@id\":\"https:\/\/phira.com.tr\/katalog\/toyota-auris-2010-tampon-on-astarsiz-oem-521190z904\/#breadcrumb\"},\"inLanguage\":\"tr\",\"potentialAction\":[{\"@type\":\"ReadAction\",\"target\":[\"https:\/\/phira.com.tr\/katalog\/toyota-auris-2010-tampon-on-astarsiz-oem-521190z904\/\"]}]},{\"@type\":\"ImageObject\",\"inLanguage\":\"tr\",\"@id\":\"https:\/\/phira.com.tr\/katalog\/toyota-auris-2010-tampon-on-astarsiz-oem-521190z904\/#primaryimage\",\"url\":\"https:\/\/phira.com.tr\/katalog\/wp-content\/uploads\/2023\/03\/AU-10201.jpg\",\"contentUrl\":\"https:\/\/phira.com.tr\/katalog\/wp-content\/uploads\/2023\/03\/AU-10201.jpg\",\"width\":800,\"height\":600},{\"@type\":\"BreadcrumbList\",\"@id\":\"https:\/\/phira.com.tr\/katalog\/toyota-auris-2010-tampon-on-astarsiz-oem-521190z904\/#breadcrumb\",\"itemListElement\":[{\"@type\":\"ListItem\",\"position\":1,\"name\":\"Anasayfa\",\"item\":\"https:\/\/phira.com.tr\/katalog\/\"},{\"@type\":\"ListItem\",\"position\":2,\"name\":\"Phira Online Katalog\",\"item\":\"https:\/\/phira.com.tr\/katalog\/\"},{\"@type\":\"ListItem\",\"position\":3,\"name\":\"TOYOTA AURIS (2010>) TAMPON \u00d6N ASTARSIZ OEM: 521190Z904\"}]},{\"@type\":\"WebSite\",\"@id\":\"https:\/\/phira.com.tr\/katalog\/#website\",\"url\":\"https:\/\/phira.com.tr\/katalog\/\",\"name\":\"Phira Online Katalog\",\"description\":\"\",\"publisher\":{\"@id\":\"https:\/\/phira.com.tr\/katalog\/#organization\"},\"potentialAction\":[{\"@type\":\"SearchAction\",\"target\":{\"@type\":\"EntryPoint\",\"urlTemplate\":\"https:\/\/phira.com.tr\/katalog\/?s={search_term_string}\"},\"query-input\":\"required name=search_term_string\"}],\"inLanguage\":\"tr\"},{\"@type\":\"Organization\",\"@id\":\"https:\/\/phira.com.tr\/katalog\/#organization\",\"name\":\"Phira T\u00fcrkiye\",\"url\":\"https:\/\/phira.com.tr\/katalog\/\",\"logo\":{\"@type\":\"ImageObject\",\"inLanguage\":\"tr\",\"@id\":\"https:\/\/phira.com.tr\/katalog\/#\/schema\/logo\/image\/\",\"url\":\"https:\/\/phira.com.tr\/katalog\/wp-content\/uploads\/2023\/03\/screenshot.png\",\"contentUrl\":\"https:\/\/phira.com.tr\/katalog\/wp-content\/uploads\/2023\/03\/screenshot.png\",\"width\":1200,\"height\":900,\"caption\":\"Phira T\u00fcrkiye\"},\"image\":{\"@id\":\"https:\/\/phira.com.tr\/katalog\/#\/schema\/logo\/image\/\"}}]}<\/script>\n<!-- \/ Yoast SEO plugin. -->","yoast_head_json":{"title":"TOYOTA AURIS (2010>) TAMPON \u00d6N ASTARSIZ OEM: 521190Z904 - Phira Online Katalog","robots":{"index":"index","follow":"follow","max-snippet":"max-snippet:-1","max-image-preview":"max-image-preview:large","max-video-preview":"max-video-preview:-1"},"canonical":"https:\/\/phira.com.tr\/katalog\/toyota-auris-2010-tampon-on-astarsiz-oem-521190z904\/","og_locale":"tr_TR","og_type":"article","og_title":"TOYOTA AURIS (2010>) TAMPON \u00d6N ASTARSIZ OEM: 521190Z904 - Phira Online Katalog","og_description":"TAMPON \u00d6N ASTARSIZ OEM: 521190Z904       Marka: TOYOTA Model: AURIS Y\u0131l: 2010>","og_url":"https:\/\/phira.com.tr\/katalog\/toyota-auris-2010-tampon-on-astarsiz-oem-521190z904\/","og_site_name":"Phira Online Katalog","article_modified_time":"2023-03-30T09:53:46+00:00","og_image":[{"width":800,"height":600,"url":"https:\/\/phira.com.tr\/katalog\/wp-content\/uploads\/2023\/03\/AU-10201.jpg","type":"image\/jpeg"}],"twitter_card":"summary_large_image","schema":{"@context":"https:\/\/schema.org","@graph":[{"@type":"WebPage","@id":"https:\/\/phira.com.tr\/katalog\/toyota-auris-2010-tampon-on-astarsiz-oem-521190z904\/","url":"https:\/\/phira.com.tr\/katalog\/toyota-auris-2010-tampon-on-astarsiz-oem-521190z904\/","name":"TOYOTA AURIS (2010>) TAMPON \u00d6N ASTARSIZ OEM: 521190Z904 - Phira Online Katalog","isPartOf":{"@id":"https:\/\/phira.com.tr\/katalog\/#website"},"primaryImageOfPage":{"@id":"https:\/\/phira.com.tr\/katalog\/toyota-auris-2010-tampon-on-astarsiz-oem-521190z904\/#primaryimage"},"image":{"@id":"https:\/\/phira.com.tr\/katalog\/toyota-auris-2010-tampon-on-astarsiz-oem-521190z904\/#primaryimage"},"thumbnailUrl":"https:\/\/phira.com.tr\/katalog\/wp-content\/uploads\/2023\/03\/AU-10201.jpg","datePublished":"2023-03-30T09:53:34+00:00","dateModified":"2023-03-30T09:53:46+00:00","breadcrumb":{"@id":"https:\/\/phira.com.tr\/katalog\/toyota-auris-2010-tampon-on-astarsiz-oem-521190z904\/#breadcrumb"},"inLanguage":"tr","potentialAction":[{"@type":"ReadAction","target":["https:\/\/phira.com.tr\/katalog\/toyota-auris-2010-tampon-on-astarsiz-oem-521190z904\/"]}]},{"@type":"ImageObject","inLanguage":"tr","@id":"https:\/\/phira.com.tr\/katalog\/toyota-auris-2010-tampon-on-astarsiz-oem-521190z904\/#primaryimage","url":"https:\/\/phira.com.tr\/katalog\/wp-content\/uploads\/2023\/03\/AU-10201.jpg","contentUrl":"https:\/\/phira.com.tr\/katalog\/wp-content\/uploads\/2023\/03\/AU-10201.jpg","width":800,"height":600},{"@type":"BreadcrumbList","@id":"https:\/\/phira.com.tr\/katalog\/toyota-auris-2010-tampon-on-astarsiz-oem-521190z904\/#breadcrumb","itemListElement":[{"@type":"ListItem","position":1,"name":"Anasayfa","item":"https:\/\/phira.com.tr\/katalog\/"},{"@type":"ListItem","position":2,"name":"Phira Online Katalog","item":"https:\/\/phira.com.tr\/katalog\/"},{"@type":"ListItem","position":3,"name":"TOYOTA AURIS (2010>) TAMPON \u00d6N ASTARSIZ OEM: 521190Z904"}]},{"@type":"WebSite","@id":"https:\/\/phira.com.tr\/katalog\/#website","url":"https:\/\/phira.com.tr\/katalog\/","name":"Phira Online Katalog","description":"","publisher":{"@id":"https:\/\/phira.com.tr\/katalog\/#organization"},"potentialAction":[{"@type":"SearchAction","target":{"@type":"EntryPoint","urlTemplate":"https:\/\/phira.com.tr\/katalog\/?s={search_term_string}"},"query-input":"required name=search_term_string"}],"inLanguage":"tr"},{"@type":"Organization","@id":"https:\/\/phira.com.tr\/katalog\/#organization","name":"Phira T\u00fcrkiye","url":"https:\/\/phira.com.tr\/katalog\/","logo":{"@type":"ImageObject","inLanguage":"tr","@id":"https:\/\/phira.com.tr\/katalog\/#\/schema\/logo\/image\/","url":"https:\/\/phira.com.tr\/katalog\/wp-content\/uploads\/2023\/03\/screenshot.png","contentUrl":"https:\/\/phira.com.tr\/katalog\/wp-content\/uploads\/2023\/03\/screenshot.png","width":1200,"height":900,"caption":"Phira T\u00fcrkiye"},"image":{"@id":"https:\/\/phira.com.tr\/katalog\/#\/schema\/logo\/image\/"}}]}},"_links":{"self":[{"href":"https:\/\/phira.com.tr\/katalog\/wp-json\/wp\/v2\/product\/9736","targetHints":{"allow":["GET"]}}],"collection":[{"href":"https:\/\/phira.com.tr\/katalog\/wp-json\/wp\/v2\/product"}],"about":[{"href":"https:\/\/phira.com.tr\/katalog\/wp-json\/wp\/v2\/types\/product"}],"replies":[{"embeddable":true,"href":"https:\/\/phira.com.tr\/katalog\/wp-json\/wp\/v2\/comments?post=9736"}],"wp:featuredmedia":[{"embeddable":true,"href":"https:\/\/phira.com.tr\/katalog\/wp-json\/wp\/v2\/media\/9766"}],"wp:attachment":[{"href":"https:\/\/phira.com.tr\/katalog\/wp-json\/wp\/v2\/media?parent=9736"}],"wp:term":[{"taxonomy":"product_cat","embeddable":true,"href":"https:\/\/phira.com.tr\/katalog\/wp-json\/wp\/v2\/product_cat?post=9736"},{"taxonomy":"product_tag","embeddable":true,"href":"https:\/\/phira.com.tr\/katalog\/wp-json\/wp\/v2\/product_tag?post=9736"}],"curies":[{"name":"wp","href":"https:\/\/api.w.org\/{rel}","templated":true}]}}